{"id":8908,"date":"2017-06-16T09:50:14","date_gmt":"2017-06-16T09:50:14","guid":{"rendered":"https:\/\/consultancy.local\/?page_id=8908"},"modified":"2025-02-11T10:24:52","modified_gmt":"2025-02-11T09:24:52","slug":"marketing-research","status":"publish","type":"page","link":"https:\/\/www.isomont.me\/en\/marketing-research\/","title":{"rendered":"ISO\/IEC 27001 &#8211; Bezbjednost informacija, sajber bezbjednost i za\u0161tita privatnosti \u2013 Sistemi menad\u017ementa bezbjedno\u0161\u0107u informacija"},"content":{"rendered":"<div class=\"wpb-content-wrapper\"><div class=\"vc_row wpb_row vc_row-fluid wpb_animate_when_almost_visible wpb_fadeInUp fadeInUp\"><div class=\"wpb_column vc_column_container vc_col-sm-12\"><div class=\"vc_column-inner\"><div class=\"wpb_wrapper\"><div class='dt-sc-title script-with-sub-title no-margin-bottom'><h2>ISO\/IEC 27001 <strong>Bezbjednost informacija, sajber bezbjednost i za\u0161tita privatnosti \u2013 Sistemi menad\u017ementa bezbjedno\u0161\u0107u informacija<\/strong><\/h2><h3><\/h3><\/div><div class=\"ult-spacer spacer-69f237f676edc\" data-id=\"69f237f676edc\" data-height=\"25\" data-height-mobile=\"25\" data-height-tab=\"25\" data-height-tab-portrait=\"\" data-height-mobile-landscape=\"\" style=\"clear:both;display:block;\"><\/div>\n\t<div class=\"wpb_text_column wpb_content_element\" >\n\t\t<div class=\"wpb_wrapper\">\n\t\t\t<p style=\"font-weight: 400;\">ISO\/IEC 27001 je me\u0111unarodni standard koji postavlja zahtjeve za uspostavljanje, implementaciju, odr\u017eavanje i kontinuirano unapre\u0111enje sistema upravljanja bezbjednosti informacija. Cilj standarda je za\u0161tita povjerljivosti, integriteta i dostupnosti informacija od potencijalnih prijetnji, kao \u0161to su neovla\u0161\u0107eni pristup, sajber napadi ili curenje podataka. Standard omogu\u0107ava organizacijama da identifikuju potencijalne ranjivosti i preduzmu proaktivne mjere za njihovo otklanjanje. Tako\u0111e, olak\u0161ava uskla\u0111ivanje s pravnim i regulatornim zahtjevima, kao \u0161to su GDPR ili lokalni zakoni o za\u0161titi podataka. Implementacija standarda doprinosi pobolj\u0161anoj operativnoj efikasnosti kroz strukturirane procese i bolje upravljanje rizicima. ISO\/IEC 27001 pru\u017ea organizacijama konkurentsku prednost na tr\u017ei\u0161tu, jer potvr\u0111uje njihovu posve\u0107enost sigurnosti informacija i za\u0161titi podataka.<\/p>\n<p style=\"font-weight: 400;\">Standard je primjenjiv na sve vrste organizacija, bez obzira na veli\u010dinu ili sektor, i pru\u017ea sistemati\u010dan pristup upravljanju rizicima vezanim za informacije. ISO\/IEC 27001 je kompatibilan sa drugim standardima upravljanja, poput ISO 9001 i ISO 22301, \u0161to olak\u0161ava integraciju u postoje\u0107e sisteme.<\/p>\n<p style=\"font-weight: 400;\"><strong>Prednosti implementacije ISO\/IEC 27001:<\/strong><\/p>\n<ol style=\"font-weight: 400;\">\n<li><strong>Pove\u0107ana sigurnost informacija<\/strong>: Za\u0161tita osjetljivih podataka od gubitka, kra\u0111e ili o\u0161te\u0107enja.<\/li>\n<li><strong>Uskla\u0111enost sa zakonima i regulativama<\/strong>: Standard poma\u017ee u ispunjavanju pravnih i regulatornih zahtjeva, poput GDPR-a i Zakona o informacionoj bezbjednosti.<\/li>\n<li><strong>Pove\u0107ano povjerenje klijenata i partnera<\/strong>: Demonstracija odgovornog pristupa za\u0161titi informacija.<\/li>\n<li><strong>Bolja identifikacija i upravljanje rizicima<\/strong>: Strukturiran pristup za prepoznavanje i smanjenje sigurnosnih prijetnji.<\/li>\n<li><strong>Smanjenje finansijskih gubitaka<\/strong>: Prevencija incidenata koji mogu izazvati zna\u010dajne tro\u0161kove.<\/li>\n<li><strong>Konkurentska prednost<\/strong>: Sertifikat ISO\/IEC 27001 pokazuje posve\u0107enost najvi\u0161im standardima sigurnosti.<\/li>\n<li><strong>Kontinuirano pobolj\u0161anje<\/strong>: Standard omogu\u0107ava redovno pra\u0107enje, evaluaciju i unapre\u0111enje sigurnosnih praksi.<\/li>\n<\/ol>\n<p style=\"font-weight: 400;\">ISO\/IEC 27001 je klju\u010dan za organizacije koje \u017eele da osiguraju svoje informacione resurse, izgrade povjerenje i ostanu konkurentne na globalnom tr\u017ei\u0161tu.<\/p>\n\n\t\t<\/div>\n\t<\/div>\n<\/div><\/div><\/div><\/div>\n<\/div>","protected":false},"excerpt":{"rendered":"ISO\/IEC 27001 Bezbjednost informacija, sajber bezbjednost i za\u0161tita privatnosti \u2013 Sistemi menad\u017ementa bezbjedno\u0161\u0107u informacija ISO\/IEC 27001 je me\u0111unarodni standard koji postavlja zahtjeve za uspostavljanje, implementaciju, odr\u017eavanje i kontinuirano unapre\u0111enje sistema upravljanja bezbjednosti informacija. Cilj standarda je za\u0161tita povjerljivosti, integriteta i dostupnosti informacija od potencijalnih prijetnji, kao \u0161to su neovla\u0161\u0107eni pristup, sajber napadi ili curenje podataka. [...]","protected":false},"author":1,"featured_media":0,"parent":0,"menu_order":0,"comment_status":"closed","ping_status":"closed","template":"tpl-sidenavigation.php","meta":{"footnotes":""},"class_list":["post-8908","page","type-page","status-publish","hentry"],"aioseo_notices":[],"_links":{"self":[{"href":"https:\/\/www.isomont.me\/en\/wp-json\/wp\/v2\/pages\/8908","targetHints":{"allow":["GET"]}}],"collection":[{"href":"https:\/\/www.isomont.me\/en\/wp-json\/wp\/v2\/pages"}],"about":[{"href":"https:\/\/www.isomont.me\/en\/wp-json\/wp\/v2\/types\/page"}],"author":[{"embeddable":true,"href":"https:\/\/www.isomont.me\/en\/wp-json\/wp\/v2\/users\/1"}],"replies":[{"embeddable":true,"href":"https:\/\/www.isomont.me\/en\/wp-json\/wp\/v2\/comments?post=8908"}],"version-history":[{"count":6,"href":"https:\/\/www.isomont.me\/en\/wp-json\/wp\/v2\/pages\/8908\/revisions"}],"predecessor-version":[{"id":10648,"href":"https:\/\/www.isomont.me\/en\/wp-json\/wp\/v2\/pages\/8908\/revisions\/10648"}],"wp:attachment":[{"href":"https:\/\/www.isomont.me\/en\/wp-json\/wp\/v2\/media?parent=8908"}],"curies":[{"name":"wp","href":"https:\/\/api.w.org\/{rel}","templated":true}]}}