{"id":8850,"date":"2016-07-18T20:28:32","date_gmt":"2016-07-18T20:28:32","guid":{"rendered":"http:\/\/dummy.wedesignthemes.com\/kriya\/?page_id=6148"},"modified":"2025-02-03T17:38:43","modified_gmt":"2025-02-03T16:38:43","slug":"iso-iec-20000-1-sistem-upravljanja-uslugama-it-itsm","status":"publish","type":"page","link":"https:\/\/www.isomont.me\/en\/iso-iec-20000-1-sistem-upravljanja-uslugama-it-itsm\/","title":{"rendered":"ISO\/IEC 20000-1  \u2013 Sistem upravljanja uslugama IT (ITSM)"},"content":{"rendered":"<div class=\"wpb-content-wrapper\"><div class=\"vc_row wpb_row vc_row-fluid wpb_animate_when_almost_visible wpb_fadeInUp fadeInUp\"><div class=\"wpb_column vc_column_container vc_col-sm-12\"><div class=\"vc_column-inner\"><div class=\"wpb_wrapper\"><div class='dt-sc-title script-with-sub-title no-margin-bottom'><h2>ISO\/IEC 20000-1 <strong> \u2013 Sistem upravljanja uslugama IT (ITSM)<\/strong><\/h2><h3><\/h3><\/div><div class=\"ult-spacer spacer-69f23496c0483\" data-id=\"69f23496c0483\" data-height=\"25\" data-height-mobile=\"25\" data-height-tab=\"25\" data-height-tab-portrait=\"\" data-height-mobile-landscape=\"\" style=\"clear:both;display:block;\"><\/div>\n\t<div class=\"wpb_text_column wpb_content_element\" >\n\t\t<div class=\"wpb_wrapper\">\n\t\t\t<p style=\"font-weight: 400;\">ISO\/IEC 20000-1 je me\u0111unarodni standard koji postavlja zahtjeve za uspostavljanje, implementaciju, odr\u017eavanje i pobolj\u0161anje sistema upravljanja uslugama IT (ITSM). Ovaj standard pru\u017ea organizacijama okvir za upravljanje pru\u017eanjem IT usluga, osiguravaju\u0107i da se usluge isporu\u010duju na na\u010din koji zadovoljava potrebe korisnika i uskla\u0111uje se sa poslovnim ciljevima.<\/p>\n<p style=\"font-weight: 400;\">ISO\/IEC 20000-1 se temelji na procesima i najboljoj praksi za pru\u017eanje IT usluga, uklju\u010duju\u0107i upravljanje incidentima, problemima, promjenama, konfiguracijama, kapacitetima i kontinuitetom usluga. Standard omogu\u0107ava organizacijama da upravljaju IT uslugama efikasno, pove\u0107avaju\u0107i zadovoljstvo korisnika i minimiziraju\u0107i operativne rizike.<\/p>\n<p style=\"font-weight: 400;\"><strong>Prednosti implementacije ISO\/IEC 20000-1:<\/strong><\/p>\n<ol style=\"font-weight: 400;\">\n<li><strong>Pove\u0107anje efikasnosti usluga<\/strong>: Organizacije mogu razviti i implementirati optimizirane procese za pru\u017eanje IT usluga, \u0161to dovodi do ve\u0107e efikasnosti.<\/li>\n<li><strong>Pove\u0107anje zadovoljstva korisnika<\/strong>: Standard omogu\u0107ava organizacijama da bolje prepoznaju potrebe korisnika i isporu\u010duju usluge koje zadovoljavaju njihove zahtjeve.<\/li>\n<li><strong>Bolje upravljanje IT uslugama<\/strong>: ISO\/IEC 20000-1 pru\u017ea okvir za u\u010dinkovito upravljanje svim aspektima IT usluga, uklju\u010duju\u0107i kontrolu nad kvalitetom usluga i operacijama.<\/li>\n<li><strong>Uskla\u0111enost sa zakonodavstvom i regulatornim zahtjevima<\/strong>: Implementacija ovog standarda poma\u017ee organizacijama da ispune zakonske zahtjeve u vezi s pru\u017eanjem IT usluga.<\/li>\n<li><strong>Pobolj\u0161anje reputacije i konkurentnosti<\/strong>: Sertifikacija prema ISO\/IEC 20000-1 poma\u017ee organizacijama da izgrade reputaciju kvalitetnog pru\u017eatelja IT usluga na tr\u017ei\u0161tu.<\/li>\n<li><strong>Smanjenje operativnih rizika<\/strong>: Razvijanjem kontrola i procedura za upravljanje IT uslugama, organizacije mogu smanjiti rizik od neuspjeha usluga i smetnji u poslovanju.<\/li>\n<li><strong>Kontinuirano pobolj\u0161anje usluga<\/strong>: Organizacije mogu implementirati mehanizme za stalno pra\u0107enje, evaluaciju i pobolj\u0161anje svojih IT usluga.<\/li>\n<\/ol>\n<p style=\"font-weight: 400;\">ISO\/IEC 20000-1 omogu\u0107ava organizacijama da pru\u017eaju visoko kvalitetne, pouzdane i sigurne IT usluge, pobolj\u0161avaju\u0107i poslovnu efikasnost i zadovoljstvo korisnika, dok minimiziraju\u0107i operativne tro\u0161kove i rizike.<\/p>\n\n\t\t<\/div>\n\t<\/div>\n<\/div><\/div><\/div><\/div>\n<\/div>","protected":false},"excerpt":{"rendered":"ISO\/IEC 20000-1 \u2013 Sistem upravljanja uslugama IT (ITSM) ISO\/IEC 20000-1 je me\u0111unarodni standard koji postavlja zahtjeve za uspostavljanje, implementaciju, odr\u017eavanje i pobolj\u0161anje sistema upravljanja uslugama IT (ITSM). Ovaj standard pru\u017ea organizacijama okvir za upravljanje pru\u017eanjem IT usluga, osiguravaju\u0107i da se usluge isporu\u010duju na na\u010din koji zadovoljava potrebe korisnika i uskla\u0111uje se sa poslovnim ciljevima. ISO\/IEC [...]","protected":false},"author":2,"featured_media":0,"parent":0,"menu_order":0,"comment_status":"closed","ping_status":"closed","template":"tpl-sidenavigation.php","meta":{"footnotes":""},"class_list":["post-8850","page","type-page","status-publish","hentry"],"aioseo_notices":[],"_links":{"self":[{"href":"https:\/\/www.isomont.me\/en\/wp-json\/wp\/v2\/pages\/8850","targetHints":{"allow":["GET"]}}],"collection":[{"href":"https:\/\/www.isomont.me\/en\/wp-json\/wp\/v2\/pages"}],"about":[{"href":"https:\/\/www.isomont.me\/en\/wp-json\/wp\/v2\/types\/page"}],"author":[{"embeddable":true,"href":"https:\/\/www.isomont.me\/en\/wp-json\/wp\/v2\/users\/2"}],"replies":[{"embeddable":true,"href":"https:\/\/www.isomont.me\/en\/wp-json\/wp\/v2\/comments?post=8850"}],"version-history":[{"count":3,"href":"https:\/\/www.isomont.me\/en\/wp-json\/wp\/v2\/pages\/8850\/revisions"}],"predecessor-version":[{"id":10547,"href":"https:\/\/www.isomont.me\/en\/wp-json\/wp\/v2\/pages\/8850\/revisions\/10547"}],"wp:attachment":[{"href":"https:\/\/www.isomont.me\/en\/wp-json\/wp\/v2\/media?parent=8850"}],"curies":[{"name":"wp","href":"https:\/\/api.w.org\/{rel}","templated":true}]}}