{"id":8417,"date":"2017-06-14T20:18:50","date_gmt":"2017-06-14T20:18:50","guid":{"rendered":"https:\/\/consultancy.local\/?page_id=8417"},"modified":"2025-02-11T10:25:24","modified_gmt":"2025-02-11T09:25:24","slug":"onama","status":"publish","type":"page","link":"https:\/\/www.isomont.me\/en\/onama\/","title":{"rendered":"About us"},"content":{"rendered":"<div class=\"wpb-content-wrapper\"><div class=\"vc_row wpb_row vc_row-fluid\"><div class=\"wpb_column vc_column_container vc_col-sm-12\"><div class=\"vc_column-inner\"><div class=\"wpb_wrapper\"><div class=\"ult-animation  ult-animate-viewport  ult-no-mobile\" data-animate=\"fadeInDown\" data-animation-delay=\"0.5\" data-animation-duration=\"1\" data-animation-iteration=\"1\" style=\"opacity:0;\" data-opacity_start_effect=\"\"><h2 class=\"with-separator aligncenter\">We build <strong>trust<strong> through quality and integrity.<\/h2><\/div><div class=\"ult-spacer spacer-69f20a8657909\" data-id=\"69f20a8657909\" data-height=\"10\" data-height-mobile=\"10\" data-height-tab=\"10\" data-height-tab-portrait=\"\" data-height-mobile-landscape=\"\" style=\"clear:both;display:block;\"><\/div>\n\t<div class=\"wpb_text_column wpb_content_element\" >\n\t\t<div class=\"wpb_wrapper\">\n\t\t\t<p>&nbsp;<\/p>\n<h6 style=\"font-weight: 400;\">ISOMONT d.o.o. is a specialized company for providing services in the field of ISO standard implementation and compliance with GDPR regulation, implementation of accredited ISO and GDPR training and implementation of security audits. Our mission is to help organizations achieve high standards of quality, information security, data protection, business continuity, environment, health and safety at work and compliance. With many years of experience, our team of consultants helps organizations improve their business processes and increase competitiveness.<\/h6>\n<h6 style=\"font-weight: 400;\">We are focused on understanding the needs of clients and adapting solutions that match the specifics of their business. Through the implementation of ISO standards, we help companies to optimize business processes, establish information security systems and build trust with their partners and clients. We stand out in the field of information and cyber security, data protection, as well as providing expert services for compliance with the GDPR regulation.<\/h6>\n<h6 style=\"font-weight: 400;\">ISOMONT d.o.o. prides itself on a high level of professionalism and dedication to every project. Our vision is to become the leading partner for the implementation of standards in the region, recognized for the quality of services and the trust of clients. Our team combines technical knowledge, practical experience and innovative methods to ensure the success of each project. We offer a personalized approach to each client, with a complete understanding of their business challenges and goals.<\/h6>\n<h6 style=\"font-weight: 400;\">We believe that continuous improvement is the key to success, both for us and for our clients. Therefore, in addition to consulting services, we also offer accredited training services in the field of ISO standards and GDPR for your employees, which ensures that your organization continuously grows and develops in accordance with the best international practices.<\/h6>\n<h6 style=\"font-weight: 400;\">With our work, we contribute to the development of a sustainable, safe and efficient business environment. ISOMONT d.o.o. is here to guide you on the way to business excellence and long-term compliance with the best international practices.<\/h6>\n\n\t\t<\/div>\n\t<\/div>\n\n\t<div class=\"wpb_text_column wpb_content_element\" >\n\t\t<div class=\"wpb_wrapper\">\n\t\t\t<h3>OUR SERVICES<\/h3>\n\n\t\t<\/div>\n\t<\/div>\n<\/div><\/div><\/div><div class=\"wpb_column vc_column_container vc_col-sm-3\"><div class=\"vc_column-inner\"><div class=\"wpb_wrapper\"><div class=\"ult-animation  ult-animate-viewport  ult-no-mobile\" data-animate=\"flipInY\" data-animation-delay=\"0.8\" data-animation-duration=\"1\" data-animation-iteration=\"1\" style=\"opacity:0;\" data-opacity_start_effect=\"\"><div class='dt-sc-icon-box type2'><div class=\"icon-wrapper\"><img loading=\"lazy\" decoding=\"async\" width=\"1170\" height=\"795\" src=\"https:\/\/www.isomont.me\/wp-content\/uploads\/2017\/03\/11.jpg\" class=\"attachment-full\" alt=\"\" title=\"11\" srcset=\"https:\/\/www.isomont.me\/wp-content\/uploads\/2017\/03\/11.jpg 1170w, https:\/\/www.isomont.me\/wp-content\/uploads\/2017\/03\/11-300x204.jpg 300w, https:\/\/www.isomont.me\/wp-content\/uploads\/2017\/03\/11-768x522.jpg 768w, https:\/\/www.isomont.me\/wp-content\/uploads\/2017\/03\/11-1024x696.jpg 1024w, https:\/\/www.isomont.me\/wp-content\/uploads\/2017\/03\/11-500x340.jpg 500w\" sizes=\"auto, (max-width: 1170px) 100vw, 1170px\" \/><\/div><div class=\"icon-content\"><h4><a href='https:\/\/www.isomont.me\/en\/usluge\/' title='OUR SERVICES' target='_self'>Implementation <strong>of ISO standards<\/strong><\/a><\/h4><p>The implementation of ISO standards enables organizations to improve the quality of their processes, services and products, improve information security, reduce risks and improve user satisfaction.<\/p><\/div><\/div><\/div><\/div><\/div><\/div><div class=\"wpb_column vc_column_container vc_col-sm-3\"><div class=\"vc_column-inner\"><div class=\"wpb_wrapper\"><div class=\"ult-animation  ult-animate-viewport  ult-no-mobile\" data-animate=\"flipInY\" data-animation-delay=\"1.1\" data-animation-duration=\"1\" data-animation-iteration=\"1\" style=\"opacity:0;\" data-opacity_start_effect=\"\"><div class='dt-sc-icon-box type2'><div class=\"icon-wrapper\"><img loading=\"lazy\" decoding=\"async\" width=\"1000\" height=\"563\" src=\"https:\/\/www.isomont.me\/wp-content\/uploads\/2025\/01\/gdprEN-min.jpg\" class=\"attachment-full\" alt=\"\" title=\"gdprEN-min\" srcset=\"https:\/\/www.isomont.me\/wp-content\/uploads\/2025\/01\/gdprEN-min.jpg 1000w, https:\/\/www.isomont.me\/wp-content\/uploads\/2025\/01\/gdprEN-min-300x169.jpg 300w, https:\/\/www.isomont.me\/wp-content\/uploads\/2025\/01\/gdprEN-min-768x432.jpg 768w, https:\/\/www.isomont.me\/wp-content\/uploads\/2025\/01\/gdprEN-min-500x282.jpg 500w\" sizes=\"auto, (max-width: 1000px) 100vw, 1000px\" \/><\/div><div class=\"icon-content\"><h4><a href='https:\/\/www.isomont.me\/en\/usluge\/' title='OUR SERVICES' target='_self'>Implementation <strong>of GDPR<\/strong><\/a><\/h4><p>The implementation of the GDPR includes the establishment of a system for the protection of personal data and ensuring compliance with the legal requirements of the European Union, which protects the rights of individuals and minimizes the risks of data breaches.<\/p><\/div><\/div><\/div><\/div><\/div><\/div><div class=\"wpb_column vc_column_container vc_col-sm-3\"><div class=\"vc_column-inner\"><div class=\"wpb_wrapper\"><div class=\"ult-animation  ult-animate-viewport  ult-no-mobile\" data-animate=\"flipInY\" data-animation-delay=\"1.4\" data-animation-duration=\"1\" data-animation-iteration=\"1\" style=\"opacity:0;\" data-opacity_start_effect=\"\"><div class='dt-sc-icon-box type2'><div class=\"icon-wrapper\"><img loading=\"lazy\" decoding=\"async\" width=\"643\" height=\"625\" src=\"https:\/\/www.isomont.me\/wp-content\/uploads\/2025\/01\/obuke72.jpg\" class=\"attachment-full\" alt=\"\" title=\"obuke[72]\" srcset=\"https:\/\/www.isomont.me\/wp-content\/uploads\/2025\/01\/obuke72.jpg 643w, https:\/\/www.isomont.me\/wp-content\/uploads\/2025\/01\/obuke72-300x292.jpg 300w, https:\/\/www.isomont.me\/wp-content\/uploads\/2025\/01\/obuke72-500x486.jpg 500w\" sizes=\"auto, (max-width: 643px) 100vw, 643px\" \/><\/div><div class=\"icon-content\"><h4><a href='https:\/\/www.isomont.me\/en\/usluge\/' title='OUR SERVICES' target='_self'><strong>Accredited training<\/strong><\/a><\/h4><p><p style=\"font-weight: 400;\">We prepare, organize and conduct a wide range of accredited trainings in the areas of quality, information security, cyber security, personal data management, corporate responsibility and sustainable development, environmental and energy protection, continuity, risk, safety and security at work and GDPR for employees in state and private organizations.<\/p>\n<p>&nbsp;<\/p><\/div><\/div><\/div><\/div><\/div><\/div><div class=\"wpb_column vc_column_container vc_col-sm-3\"><div class=\"vc_column-inner\"><div class=\"wpb_wrapper\"><div class=\"ult-animation  ult-animate-viewport  ult-no-mobile\" data-animate=\"flipInY\" data-animation-delay=\"1.7\" data-animation-duration=\"1\" data-animation-iteration=\"1\" style=\"opacity:0;\" data-opacity_start_effect=\"\"><div class='dt-sc-icon-box type2'><div class=\"icon-wrapper\"><img loading=\"lazy\" decoding=\"async\" width=\"2560\" height=\"1440\" src=\"https:\/\/www.isomont.me\/wp-content\/uploads\/2025\/01\/Picture-1-scaled.jpg\" class=\"attachment-full\" alt=\"\" title=\"Picture 1\" srcset=\"https:\/\/www.isomont.me\/wp-content\/uploads\/2025\/01\/Picture-1-scaled.jpg 2560w, https:\/\/www.isomont.me\/wp-content\/uploads\/2025\/01\/Picture-1-300x169.jpg 300w, https:\/\/www.isomont.me\/wp-content\/uploads\/2025\/01\/Picture-1-1024x576.jpg 1024w, https:\/\/www.isomont.me\/wp-content\/uploads\/2025\/01\/Picture-1-768x432.jpg 768w, https:\/\/www.isomont.me\/wp-content\/uploads\/2025\/01\/Picture-1-1536x864.jpg 1536w, https:\/\/www.isomont.me\/wp-content\/uploads\/2025\/01\/Picture-1-2048x1152.jpg 2048w, https:\/\/www.isomont.me\/wp-content\/uploads\/2025\/01\/Picture-1-500x281.jpg 500w\" sizes=\"auto, (max-width: 2560px) 100vw, 2560px\" \/><\/div><div class=\"icon-content\"><h4><a href='https:\/\/www.isomont.me\/en\/usluge\/' title='OUR SERVICES' target='_self'><strong>Security audit<\/strong><\/a><\/h4><p>We conduct detailed <strong>security audit<\/strong> checks to identify vulnerabilities, ensure compliance with standards and improve the security of your system.<\/p>\n<p>&nbsp;<\/p><\/div><\/div><\/div><\/div><\/div><\/div><div class=\"wpb_column vc_column_container vc_col-sm-12\"><div class=\"vc_column-inner\"><div class=\"wpb_wrapper\"><div class=\"ult-spacer spacer-69f20a865b6d3\" data-id=\"69f20a865b6d3\" data-height=\"90\" data-height-mobile=\"90\" data-height-tab=\"90\" data-height-tab-portrait=\"\" data-height-mobile-landscape=\"\" style=\"clear:both;display:block;\"><\/div><\/div><\/div><\/div><\/div><div class=\"vc_row wpb_row vc_row-fluid section46\"><div class=\"wpb_column vc_column_container vc_col-sm-12\"><div class=\"vc_column-inner\"><div class=\"wpb_wrapper\"><div class=\"ult-spacer spacer-69f20a865c4dd\" data-id=\"69f20a865c4dd\" data-height=\"90\" data-height-mobile=\"90\" data-height-tab=\"90\" data-height-tab-portrait=\"\" data-height-mobile-landscape=\"\" style=\"clear:both;display:block;\"><\/div><div class=\"ult-animation  ult-animate-viewport  ult-no-mobile\" data-animate=\"fadeInDown\" data-animation-delay=\"0.5\" data-animation-duration=\"1\" data-animation-iteration=\"1\" style=\"opacity:0;\" data-opacity_start_effect=\"\"><\/div><div class=\"ult-spacer spacer-69f20a865c51a\" data-id=\"69f20a865c51a\" data-height=\"30\" data-height-mobile=\"30\" data-height-tab=\"30\" data-height-tab-portrait=\"\" data-height-mobile-landscape=\"\" style=\"clear:both;display:block;\"><\/div><div class=\"vc_row wpb_row vc_inner vc_row-fluid\"><div class=\"wpb_column vc_column_container vc_col-sm-3\"><div class=\"vc_column-inner\"><div class=\"wpb_wrapper\"><div class=\"ult-animation  ult-animate-viewport  ult-no-mobile\" data-animate=\"fadeInLeft\" data-animation-delay=\"1.1\" data-animation-duration=\"1\" data-animation-iteration=\"1\" style=\"opacity:0;\" data-opacity_start_effect=\"\"><div class=\"aio-icon-component    style_3\"><div id=\"Info-box-wrap-1362\" class=\"aio-icon-box top-icon\" style=\"\"  ><div class=\"aio-icon-header\" ><h3 class=\"aio-icon-title ult-responsive\"  data-ultimate-target='#Info-box-wrap-1362 .aio-icon-title'  data-responsive-json-new='{\"font-size\":\"\",\"line-height\":\"\"}'  style=\"\">30 CURRENT PROJECTS<\/h3><\/div> <!-- header --><\/div> <!-- aio-icon-box --><\/div> <!-- aio-icon-component --><div class=\"wpb_gallery wpb_content_element vc_clearfix wpb_content_element\" ><div class=\"wpb_wrapper\"><div class=\"wpb_gallery_slides wpb_flexslider flexslider_fade flexslider\" data-interval=\"3\" data-flex_fx=\"fade\"><ul class=\"slides\"><li><a class=\"\" href=\"https:\/\/www.isomont.me\/wp-content\/uploads\/2025\/02\/images.jpeg\" data-lightbox=\"lightbox[rel-8417-3266097095]\"><img loading=\"lazy\" decoding=\"async\" width=\"150\" height=\"150\" src=\"https:\/\/www.isomont.me\/wp-content\/uploads\/2025\/02\/images-150x150.jpeg\" class=\"attachment-thumbnail\" alt=\"\" title=\"images\" srcset=\"https:\/\/www.isomont.me\/wp-content\/uploads\/2025\/02\/images-150x150.jpeg 150w, https:\/\/www.isomont.me\/wp-content\/uploads\/2025\/02\/images-100x100.jpeg 100w\" sizes=\"auto, (max-width: 150px) 100vw, 150px\" \/><\/a><\/li><\/ul><\/div><\/div><\/div><\/div><\/div><\/div><\/div><div class=\"wpb_column vc_column_container vc_col-sm-3\"><div class=\"vc_column-inner\"><div class=\"wpb_wrapper\"><div class=\"ult-animation  ult-animate-viewport  ult-no-mobile\" data-animate=\"fadeInLeft\" data-animation-delay=\"0.8\" data-animation-duration=\"1\" data-animation-iteration=\"1\" style=\"opacity:0;\" data-opacity_start_effect=\"\"><div class=\"aio-icon-component    style_3\"><div id=\"Info-box-wrap-6544\" class=\"aio-icon-box top-icon\" style=\"\"  ><div class=\"aio-icon-header\" ><h3 class=\"aio-icon-title ult-responsive\"  data-ultimate-target='#Info-box-wrap-6544 .aio-icon-title'  data-responsive-json-new='{\"font-size\":\"\",\"line-height\":\"\"}'  style=\"\">OVER 200 SATISFIED CUSTOMERS<\/h3><\/div> <!-- header --><\/div> <!-- aio-icon-box --><\/div> <!-- aio-icon-component --><div class=\"wpb_gallery wpb_content_element vc_clearfix wpb_content_element\" ><div class=\"wpb_wrapper\"><div class=\"wpb_gallery_slides wpb_flexslider flexslider_fade flexslider\" data-interval=\"3\" data-flex_fx=\"fade\"><ul class=\"slides\"><li><a class=\"\" href=\"https:\/\/www.isomont.me\/wp-content\/uploads\/2025\/01\/images.png\" data-lightbox=\"lightbox[rel-8417-701951397]\"><img loading=\"lazy\" decoding=\"async\" width=\"150\" height=\"142\" src=\"https:\/\/www.isomont.me\/wp-content\/uploads\/2025\/01\/images-150x142.png\" class=\"attachment-thumbnail\" alt=\"\" title=\"images\" \/><\/a><\/li><\/ul><\/div><\/div><\/div><\/div><\/div><\/div><\/div><div class=\"wpb_column vc_column_container vc_col-sm-3\"><div class=\"vc_column-inner\"><div class=\"wpb_wrapper\"><div class=\"ult-animation  ult-animate-viewport  ult-no-mobile\" data-animate=\"fadeInRight\" data-animation-delay=\"0.8\" data-animation-duration=\"1\" data-animation-iteration=\"1\" style=\"opacity:0;\" data-opacity_start_effect=\"\"><div class=\"aio-icon-component    style_3\"><div id=\"Info-box-wrap-2754\" class=\"aio-icon-box top-icon\" style=\"\"  ><div class=\"aio-icon-header\" ><h3 class=\"aio-icon-title ult-responsive\"  data-ultimate-target='#Info-box-wrap-2754 .aio-icon-title'  data-responsive-json-new='{\"font-size\":\"\",\"line-height\":\"\"}'  style=\"\">25 CONSULTANTS<\/h3><\/div> <!-- header --><\/div> <!-- aio-icon-box --><\/div> <!-- aio-icon-component --><div class=\"wpb_gallery wpb_content_element vc_clearfix wpb_content_element\" ><div class=\"wpb_wrapper\"><div class=\"wpb_gallery_slides wpb_flexslider flexslider_fade flexslider\" data-interval=\"3\" data-flex_fx=\"fade\"><ul class=\"slides\"><li><a class=\"\" href=\"https:\/\/www.isomont.me\/wp-content\/uploads\/2025\/02\/Unknown.jpeg\" data-lightbox=\"lightbox[rel-8417-3599929147]\"><img loading=\"lazy\" decoding=\"async\" width=\"150\" height=\"150\" src=\"https:\/\/www.isomont.me\/wp-content\/uploads\/2025\/02\/Unknown-150x150.jpeg\" class=\"attachment-thumbnail\" alt=\"\" title=\"Unknown\" srcset=\"https:\/\/www.isomont.me\/wp-content\/uploads\/2025\/02\/Unknown-150x150.jpeg 150w, https:\/\/www.isomont.me\/wp-content\/uploads\/2025\/02\/Unknown-100x100.jpeg 100w\" sizes=\"auto, (max-width: 150px) 100vw, 150px\" \/><\/a><\/li><\/ul><\/div><\/div><\/div><\/div><\/div><\/div><\/div><div class=\"wpb_column vc_column_container vc_col-sm-3\"><div class=\"vc_column-inner\"><div class=\"wpb_wrapper\"><div class=\"ult-animation  ult-animate-viewport  ult-no-mobile\" data-animate=\"fadeInRight\" data-animation-delay=\"1.1\" data-animation-duration=\"1\" data-animation-iteration=\"1\" style=\"opacity:0;\" data-opacity_start_effect=\"\"><div class=\"aio-icon-component    style_3\"><div id=\"Info-box-wrap-6153\" class=\"aio-icon-box top-icon\" style=\"\"  ><div class=\"aio-icon-header\" ><h3 class=\"aio-icon-title ult-responsive\"  data-ultimate-target='#Info-box-wrap-6153 .aio-icon-title'  data-responsive-json-new='{\"font-size\":\"\",\"line-height\":\"\"}'  style=\"\">4 CONTINENTS<\/h3><\/div> <!-- header --><\/div> <!-- aio-icon-box --><\/div> <!-- aio-icon-component --><div class=\"wpb_gallery wpb_content_element vc_clearfix wpb_content_element\" ><div class=\"wpb_wrapper\"><div class=\"wpb_gallery_slides wpb_flexslider flexslider_fade flexslider\" data-interval=\"3\" data-flex_fx=\"fade\"><ul class=\"slides\"><li><a class=\"\" href=\"https:\/\/www.isomont.me\/wp-content\/uploads\/2017\/06\/iconbox-2.png\" data-lightbox=\"lightbox[rel-8417-3606897361]\"><img loading=\"lazy\" decoding=\"async\" width=\"122\" height=\"122\" src=\"https:\/\/www.isomont.me\/wp-content\/uploads\/2017\/06\/iconbox-2.png\" class=\"attachment-thumbnail\" alt=\"\" title=\"iconbox-2\" srcset=\"https:\/\/www.isomont.me\/wp-content\/uploads\/2017\/06\/iconbox-2.png 122w, https:\/\/www.isomont.me\/wp-content\/uploads\/2017\/06\/iconbox-2-100x100.png 100w\" sizes=\"auto, (max-width: 122px) 100vw, 122px\" \/><\/a><\/li><\/ul><\/div><\/div><\/div><\/div><\/div><\/div><\/div><\/div><div class=\"vc_row wpb_row vc_inner vc_row-fluid icon-box-line vc_custom_1490957251057\"><div class=\"wpb_column vc_column_container vc_col-sm-12\"><div class=\"vc_column-inner\"><div class=\"wpb_wrapper\"><div class=\"vc_separator wpb_content_element vc_separator_align_center vc_sep_width_100 vc_sep_border_width_8 vc_sep_pos_align_center vc_separator_no_text wpb_content_element  wpb_content_element\" ><span class=\"vc_sep_holder vc_sep_holder_l\"><span style=\"border-color:#f3f3f3;\" class=\"vc_sep_line\"><\/span><\/span><span class=\"vc_sep_holder vc_sep_holder_r\"><span style=\"border-color:#f3f3f3;\" class=\"vc_sep_line\"><\/span><\/span>\n<\/div><\/div><\/div><\/div><\/div><div class=\"ult-spacer spacer-69f20a8662c1d\" data-id=\"69f20a8662c1d\" data-height=\"25\" data-height-mobile=\"25\" data-height-tab=\"25\" data-height-tab-portrait=\"\" data-height-mobile-landscape=\"\" style=\"clear:both;display:block;\"><\/div><\/div><\/div><\/div><\/div><div class=\"vc_row wpb_row vc_row-fluid safari-hack vc_row-o-equal-height vc_row-o-content-middle vc_row-flex\"><div class=\"wpb_column vc_column_container vc_col-sm-12\"><div class=\"vc_column-inner\"><div class=\"wpb_wrapper\"><div class=\"ult-spacer spacer-69f20a86635e0\" data-id=\"69f20a86635e0\" data-height=\"90\" data-height-mobile=\"90\" data-height-tab=\"90\" data-height-tab-portrait=\"\" data-height-mobile-landscape=\"\" style=\"clear:both;display:block;\"><\/div><div class=\"ult-animation  ult-animate-viewport  ult-no-mobile\" data-animate=\"fadeInDown\" data-animation-delay=\"0.5\" data-animation-duration=\"1\" data-animation-iteration=\"1\" style=\"opacity:0;\" data-opacity_start_effect=\"\"><div class='dt-sc-title script-with-sub-title with-separator aligncenter'><h2>Where <strong> we are?<\/strong><\/h2><h5>The easiest way to contact us:<\/h5><\/div><\/div><\/div><\/div><\/div><div class=\"wpb_column vc_column_container vc_col-sm-8\"><div class=\"vc_column-inner\"><div class=\"wpb_wrapper\"><div class=\"ult-animation  ult-animate-viewport  ult-no-mobile\" data-animate=\"fadeInLeft\" data-animation-delay=\"0.8\" data-animation-duration=\"1\" data-animation-iteration=\"1\" style=\"opacity:0;\" data-opacity_start_effect=\"\"><div id=\"responsive_map-218515604\" class=\"responsive-map\" style=\"height:500px;width:100%;\"><\/div>\t\t<script type=\"text\/javascript\">\r\n\t\t\tjQuery(document).ready(function($){\r\n\r\n\t\t\t\tvar mapdiv = jQuery(\"#responsive_map-218515604\");\r\n\t\t\t\tmapdiv.gMap({\r\n\t\t\t\t\tmaptype: google.maps.MapTypeId.ROADMAP,\r\n\t\t\t\t\tzoom: 18,\r\n\t\t\t\t\tlatitude: null,\r\n\t\t\t\t\tlongitude: null,\r\n\t\t\t\t\tstreetViewControl:true,\r\n\t\t\t\t\tmapTypeControl:true,\r\n\t\t\t\t\tzoomControl:true,\r\n\t\t\t\t\tscaleControl:true,\r\n\t\t\t\t\tscrollwheel:true,\r\n\t\t\t\t\tdraggable:true,\r\n\t\t\t\t\tstyles:[{\"stylers\":[{\"invert_lightness\":true},{\"visibility\":\"on\"}]}],\r\n\t\t\t\t\tmarkers: [{flat: true,key:\"1\",latitude:\"42.426889\",longitude:\"19.247008\",icon: { image:\"https:\/\/www.isomont.me\/wp-content\/plugins\/designthemes-core-features\/shortcodes\/images\/markers\/purple.png\" },}],\r\n\t\t\t\t\tpanControl: true,\r\n\t\t\t\t\toverviewMapControl:true,\r\n\t\t\t\t});\r\n\t\t\t});\r\n\t\t<\/script><\/div><\/div><\/div><\/div><div class=\"wpb_column vc_column_container vc_col-sm-4\"><div class=\"vc_column-inner\"><div class=\"wpb_wrapper\"><div class=\"ult-animation  ult-animate-viewport  ult-no-mobile\" data-animate=\"fadeInRight\" data-animation-delay=\"1.1\" data-animation-duration=\"1\" data-animation-iteration=\"1\" style=\"opacity:0;\" data-opacity_start_effect=\"\"><div class='dt-sc-contact-info'><span class='pe-icon pe-call'> <\/span>+382 67 563 496<\/div><\/div><div class='dt-sc-single-line-dashed-separator'><\/div><div class=\"ult-animation  ult-animate-viewport  ult-no-mobile\" data-animate=\"fadeInRight\" data-animation-delay=\"1.4\" data-animation-duration=\"1\" data-animation-iteration=\"1\" style=\"opacity:0;\" data-opacity_start_effect=\"\"><div class='dt-sc-contact-info'><span class='pe-icon pe-mail'> <\/span>office@isomont.me<\/div><\/div><div class='dt-sc-single-line-dashed-separator'><\/div><div class=\"ult-animation  ult-animate-viewport  ult-no-mobile\" data-animate=\"fadeInRight\" data-animation-delay=\"1.7\" data-animation-duration=\"1\" data-animation-iteration=\"1\" style=\"opacity:0;\" data-opacity_start_effect=\"\"><div class='dt-sc-contact-info'><span class='pe-icon pe-map-marker'> <\/span>Seleme Maljevi\u0107 bb, Podgorica, Montenegro<\/div><\/div><div class='dt-sc-single-line-dashed-separator'><\/div><div class=\"ult-animation  ult-animate-viewport  ult-no-mobile\" data-animate=\"fadeInRight\" data-animation-delay=\"2.0\" data-animation-duration=\"1\" data-animation-iteration=\"1\" style=\"opacity:0;\" data-opacity_start_effect=\"\"><div class='dt-sc-contact-info'><span class='icon icon-timer'> <\/span>Monday - Friday<\/p>\n<p>from 8 am to 4 pm<\/div><\/div><\/div><\/div><\/div><div class=\"wpb_column vc_column_container vc_col-sm-12\"><div class=\"vc_column-inner\"><div class=\"wpb_wrapper\"><div class=\"ult-spacer spacer-69f20a86644f8\" data-id=\"69f20a86644f8\" data-height=\"100\" data-height-mobile=\"100\" data-height-tab=\"100\" data-height-tab-portrait=\"\" data-height-mobile-landscape=\"\" style=\"clear:both;display:block;\"><\/div><\/div><\/div><\/div><\/div>\n<\/div>","protected":false},"excerpt":{"rendered":"Gradimo povjerenje kroz kvalitet i integritet! &nbsp; ISOMONT d.o.o. je specijalizovana kompanija za pru\u017eanje usluga u oblasti implementacije ISO standarda i uskla\u0111ivanje sa GDPR regulativom, sprovo\u0111enje akredotovanih ISO i GDPR obuka i sprovo\u0111enje security audita. Na\u0161a misija je pru\u017eanje pomo\u0107i organizacijama u postizanju visokih standarda kvaliteta, bezbjednosti informacija, za\u0161tite podataka, kontinuiteta poslovanja, \u017eivotne sredine, \u00a0za\u0161tite [...]","protected":false},"author":1,"featured_media":0,"parent":0,"menu_order":0,"comment_status":"closed","ping_status":"closed","template":"","meta":{"footnotes":""},"class_list":["post-8417","page","type-page","status-publish","hentry"],"aioseo_notices":[],"_links":{"self":[{"href":"https:\/\/www.isomont.me\/en\/wp-json\/wp\/v2\/pages\/8417","targetHints":{"allow":["GET"]}}],"collection":[{"href":"https:\/\/www.isomont.me\/en\/wp-json\/wp\/v2\/pages"}],"about":[{"href":"https:\/\/www.isomont.me\/en\/wp-json\/wp\/v2\/types\/page"}],"author":[{"embeddable":true,"href":"https:\/\/www.isomont.me\/en\/wp-json\/wp\/v2\/users\/1"}],"replies":[{"embeddable":true,"href":"https:\/\/www.isomont.me\/en\/wp-json\/wp\/v2\/comments?post=8417"}],"version-history":[{"count":27,"href":"https:\/\/www.isomont.me\/en\/wp-json\/wp\/v2\/pages\/8417\/revisions"}],"predecessor-version":[{"id":10637,"href":"https:\/\/www.isomont.me\/en\/wp-json\/wp\/v2\/pages\/8417\/revisions\/10637"}],"wp:attachment":[{"href":"https:\/\/www.isomont.me\/en\/wp-json\/wp\/v2\/media?parent=8417"}],"curies":[{"name":"wp","href":"https:\/\/api.w.org\/{rel}","templated":true}]}}