{"id":6156,"date":"2016-07-18T20:39:08","date_gmt":"2016-07-18T20:39:08","guid":{"rendered":"http:\/\/dummy.wedesignthemes.com\/kriya\/?page_id=6156"},"modified":"2025-02-11T10:22:18","modified_gmt":"2025-02-11T09:22:18","slug":"iso-iec-27032-smjernice-za-cyber-bezbjednost","status":"publish","type":"page","link":"https:\/\/www.isomont.me\/en\/iso-iec-27032-smjernice-za-cyber-bezbjednost\/","title":{"rendered":"ISO\/IEC 27032 - Guidelines for cyber security"},"content":{"rendered":"<div class=\"wpb-content-wrapper\"><div class=\"vc_row wpb_row vc_row-fluid wpb_animate_when_almost_visible wpb_fadeInUp fadeInUp\"><div class=\"wpb_column vc_column_container vc_col-sm-12\"><div class=\"vc_column-inner\"><div class=\"wpb_wrapper\"><div class='dt-sc-title script-with-sub-title no-margin-bottom'><h2><strong>ISO\/IEC 27032 - Guidelines for cyber security<\/strong><\/h2><h3><\/h3><\/div><div class=\"ult-spacer spacer-69f2382ab98e9\" data-id=\"69f2382ab98e9\" data-height=\"25\" data-height-mobile=\"25\" data-height-tab=\"25\" data-height-tab-portrait=\"\" data-height-mobile-landscape=\"\" style=\"clear:both;display:block;\"><\/div>\n\t<div class=\"wpb_text_column wpb_content_element\" >\n\t\t<div class=\"wpb_wrapper\">\n\t\t\t<p style=\"font-weight: 400;\">ISO\/IEC 27032 je me\u0111unarodni standard koji pru\u017ea smjernice za pobolj\u0161anje cyber bezbjednosti. Ovaj standard je osmi\u0161ljen kako bi pomogao organizacijama u za\u0161titi svojih informacijskih sistema od cyber prijetnji, fokusiraju\u0107i se na za\u0161titu podataka, infrastrukture i digitalnih resursa. ISO\/IEC 27032 pro\u0161iruje postoje\u0107i okvir sistema bezbjednosti informacija (kao \u0161to je ISO\/IEC 27001) kako bi uklju\u010dio specifi\u010dne smjernice za za\u0161titu od cyber prijetnji.<\/p>\n<p style=\"font-weight: 400;\">Standard pokriva klju\u010dne aspekte cybersigurnosti, uklju\u010duju\u0107i sigurnost web-a, za\u0161titu mre\u017ea, povjerenje u digitalnu komunikaciju, za\u0161titu od napada i upravljanje ranjivostima. Osim toga, omogu\u0107ava organizacijama da razviju strategije za odgovor na cyber napade, smanjenje rizika i za\u0161titu osjetljivih podataka i sistema.<\/p>\n<p style=\"font-weight: 400;\"><strong>Prednosti implementacije ISO\/IEC 27032:<\/strong><\/p>\n<ol style=\"font-weight: 400;\">\n<li><strong>Pove\u0107ana za\u0161tita od cyber prijetnji<\/strong>: Razvijanje strategija za za\u0161titu od digitalnih napada i smanjenje rizika od cyber prijetnji.<\/li>\n<li><strong>Pobolj\u0161anje povjerenja klijenata i partnera<\/strong>: Demonstracija sposobnosti organizacije da za\u0161titi svoje digitalne resurse i podatke korisnika.<\/li>\n<li><strong>Uskla\u0111enost sa zakonodavstvom<\/strong>: Pomo\u0107 organizacijama u ispunjavanju zakonskih i regulatornih zahtjeva u vezi sa cyber sigurno\u0161\u0107u.<\/li>\n<li><strong>Smanjenje operativnih i financijskih gubitaka<\/strong>: Smanjenje mogu\u0107nosti za cyber napade koji mogu uzrokovati financijske i reputacijske \u0161tete.<\/li>\n<li><strong>Razvijanje odgovornih politika i procedura<\/strong>: Standard poma\u017ee organizacijama da uspostave odgovaraju\u0107e politike i procedure za upravljanje cybersigurno\u0161\u0107u.<\/li>\n<li><strong>Pove\u0107anje otpornosti na napade<\/strong>: Pobolj\u0161anje sposobnosti organizacije da se brzo oporavi od cyber napada i minimizira njihov uticaj.<\/li>\n<li><strong>Kontinuirani razvoj sigurnosnih mjera<\/strong>: Omogu\u0107ava organizacijama da stalno unapre\u0111uju svoje sigurnosne mjere u skladu sa novim prijetnjama i tehnologijama.<\/li>\n<\/ol>\n<p style=\"font-weight: 400;\">ISO\/IEC 27032 poma\u017ee organizacijama da osiguraju svoje informati\u010dke sisteme i umanje rizik od cyber napada, \u010dime se doprinosi sigurnosti i povjerenju u digitalne tehnologije.<\/p>\n\n\t\t<\/div>\n\t<\/div>\n<\/div><\/div><\/div><\/div>\n<\/div>","protected":false},"excerpt":{"rendered":"ISO\/IEC 27032 \u2013 Smjernice za cyber bezbjednost ISO\/IEC 27032 je me\u0111unarodni standard koji pru\u017ea smjernice za pobolj\u0161anje cyber bezbjednosti. Ovaj standard je osmi\u0161ljen kako bi pomogao organizacijama u za\u0161titi svojih informacijskih sistema od cyber prijetnji, fokusiraju\u0107i se na za\u0161titu podataka, infrastrukture i digitalnih resursa. ISO\/IEC 27032 pro\u0161iruje postoje\u0107i okvir sistema bezbjednosti informacija (kao \u0161to je [...]","protected":false},"author":2,"featured_media":0,"parent":0,"menu_order":0,"comment_status":"closed","ping_status":"closed","template":"tpl-sidenavigation.php","meta":{"footnotes":""},"class_list":["post-6156","page","type-page","status-publish","hentry"],"aioseo_notices":[],"_links":{"self":[{"href":"https:\/\/www.isomont.me\/en\/wp-json\/wp\/v2\/pages\/6156","targetHints":{"allow":["GET"]}}],"collection":[{"href":"https:\/\/www.isomont.me\/en\/wp-json\/wp\/v2\/pages"}],"about":[{"href":"https:\/\/www.isomont.me\/en\/wp-json\/wp\/v2\/types\/page"}],"author":[{"embeddable":true,"href":"https:\/\/www.isomont.me\/en\/wp-json\/wp\/v2\/users\/2"}],"replies":[{"embeddable":true,"href":"https:\/\/www.isomont.me\/en\/wp-json\/wp\/v2\/comments?post=6156"}],"version-history":[{"count":3,"href":"https:\/\/www.isomont.me\/en\/wp-json\/wp\/v2\/pages\/6156\/revisions"}],"predecessor-version":[{"id":10649,"href":"https:\/\/www.isomont.me\/en\/wp-json\/wp\/v2\/pages\/6156\/revisions\/10649"}],"wp:attachment":[{"href":"https:\/\/www.isomont.me\/en\/wp-json\/wp\/v2\/media?parent=6156"}],"curies":[{"name":"wp","href":"https:\/\/api.w.org\/{rel}","templated":true}]}}