{"id":6152,"date":"2016-07-18T20:34:48","date_gmt":"2016-07-18T20:34:48","guid":{"rendered":"http:\/\/dummy.wedesignthemes.com\/kriya\/?page_id=6152"},"modified":"2025-02-11T10:22:24","modified_gmt":"2025-02-11T09:22:24","slug":"iso-22301-sistemi-upravljanja-kontinuitetom-poslovanja-bcms","status":"publish","type":"page","link":"https:\/\/www.isomont.me\/en\/iso-22301-sistemi-upravljanja-kontinuitetom-poslovanja-bcms\/","title":{"rendered":"ISO 22301 \u2013 Sistemi upravljanja kontinuitetom poslovanja (BCMS)"},"content":{"rendered":"<div class=\"wpb-content-wrapper\"><div class=\"vc_row wpb_row vc_row-fluid wpb_animate_when_almost_visible wpb_fadeInUp fadeInUp\"><div class=\"wpb_column vc_column_container vc_col-sm-12\"><div class=\"vc_column-inner\"><div class=\"wpb_wrapper\"><div class='dt-sc-title script-with-sub-title no-margin-bottom'><h2>ISO 22301 <strong> \u2013 Sistemi upravljanja kontinuitetom poslovanja (BCMS)<\/strong><\/h2><h3><\/h3><\/div><div class=\"ult-spacer spacer-69f247d4ef6e8\" data-id=\"69f247d4ef6e8\" data-height=\"25\" data-height-mobile=\"25\" data-height-tab=\"25\" data-height-tab-portrait=\"\" data-height-mobile-landscape=\"\" style=\"clear:both;display:block;\"><\/div>\n\t<div class=\"wpb_text_column wpb_content_element\" >\n\t\t<div class=\"wpb_wrapper\">\n\t\t\t<p style=\"font-weight: 400;\">ISO 22301 je me\u0111unarodni standard koji postavlja zahtjeve za uspostavljanje, implementaciju, odr\u017eavanje i pobolj\u0161anje sistema upravljanja kontinuitetom poslovanja (BCMS). Cilj ovog standarda je da organizacijama omogu\u0107i da prepoznaju, planiraju i rije\u0161e rizike koji mogu ugroziti njihov operativni kontinuitet, kao \u0161to su prirodne nepogode, tehnolo\u0161ki incidenti, cyber napadi ili druge nepredvi\u0111ene situacije koje mogu prekinuti poslovne aktivnosti.<\/p>\n<p style=\"font-weight: 400;\">Standard poma\u017ee organizacijama da razviju strategije i planove za brzo obnavljanje poslovanja u slu\u010daju prekida, osiguravaju\u0107i da klju\u010dni poslovni procesi budu nastavljeni u \u0161to kra\u0107em vremenskom periodu. ISO 22301 omogu\u0107ava organizacijama da identifikuju potencijalne prijetnje, implementiraju odgovaraju\u0107e mjere za\u0161tite i testiraju u\u010dinkovitost svojih planova za kontinuitet poslovanja.<\/p>\n<p>&nbsp;<\/p>\n<p style=\"font-weight: 400;\"><strong>Prednosti implementacije ISO 22301:<\/strong><\/p>\n<ol style=\"font-weight: 400;\">\n<li><strong>Pove\u0107ana otpornost organizacije<\/strong>: Razvijanje sposobnosti da pre\u017eivi i brzo se oporavi od prekida poslovanja.<\/li>\n<li><strong>Smanjenje rizika od financijskih gubitaka<\/strong>: Planiranje unapred smanjuje potencijalne tro\u0161kove povezane sa prekidima u poslovanju.<\/li>\n<li><strong>Za\u0161tita interesa klijenata i partnera<\/strong>: Obezbe\u0111ivanje nesmetanog poslovanja daje sigurnost klijentima i partnerima da se organizacija mo\u017ee nositi sa krizama.<\/li>\n<li><strong>Pove\u0107anje povjerenja u organizaciju<\/strong>: Demonstracija sposobnosti da se brzo oporavite od ne\u017eeljenih doga\u0111aja pove\u0107ava povjerenje investitora i drugih zainteresovanih strana.<\/li>\n<li><strong>Uskla\u0111enost sa zakonodavstvom<\/strong>: Organizacije mogu lak\u0161e ispuniti zakonske i regulatorne zahtjeve u vezi sa kontinuitetom poslovanja.<\/li>\n<li><strong>Pobolj\u0161anje operativne efikasnosti<\/strong>: Razvijanje i testiranje planova za kontinuitet poslovanja mo\u017ee pobolj\u0161ati ukupnu efikasnost poslovanja.<\/li>\n<li><strong>Kontinuirano pobolj\u0161anje<\/strong>: ISO 22301 omogu\u0107ava stalno unapre\u0111enje strategija i procedura za upravljanje kontinuitetom poslovanja.<\/li>\n<\/ol>\n<p style=\"font-weight: 400;\">ISO 22301 poma\u017ee organizacijama da se pripreme za nepredvi\u0111ene doga\u0111aje i minimiziraju njihov uticaj na poslovne aktivnosti, \u010dime se osigurava dugoro\u010dna stabilnost i odr\u017eivost.<\/p>\n\n\t\t<\/div>\n\t<\/div>\n<\/div><\/div><\/div><\/div>\n<\/div>","protected":false},"excerpt":{"rendered":"ISO 22301 \u2013 Sistemi upravljanja kontinuitetom poslovanja (BCMS) ISO 22301 je me\u0111unarodni standard koji postavlja zahtjeve za uspostavljanje, implementaciju, odr\u017eavanje i pobolj\u0161anje sistema upravljanja kontinuitetom poslovanja (BCMS). Cilj ovog standarda je da organizacijama omogu\u0107i da prepoznaju, planiraju i rije\u0161e rizike koji mogu ugroziti njihov operativni kontinuitet, kao \u0161to su prirodne nepogode, tehnolo\u0161ki incidenti, cyber napadi [...]","protected":false},"author":2,"featured_media":0,"parent":0,"menu_order":0,"comment_status":"closed","ping_status":"closed","template":"tpl-sidenavigation.php","meta":{"footnotes":""},"class_list":["post-6152","page","type-page","status-publish","hentry"],"aioseo_notices":[],"_links":{"self":[{"href":"https:\/\/www.isomont.me\/en\/wp-json\/wp\/v2\/pages\/6152","targetHints":{"allow":["GET"]}}],"collection":[{"href":"https:\/\/www.isomont.me\/en\/wp-json\/wp\/v2\/pages"}],"about":[{"href":"https:\/\/www.isomont.me\/en\/wp-json\/wp\/v2\/types\/page"}],"author":[{"embeddable":true,"href":"https:\/\/www.isomont.me\/en\/wp-json\/wp\/v2\/users\/2"}],"replies":[{"embeddable":true,"href":"https:\/\/www.isomont.me\/en\/wp-json\/wp\/v2\/comments?post=6152"}],"version-history":[{"count":6,"href":"https:\/\/www.isomont.me\/en\/wp-json\/wp\/v2\/pages\/6152\/revisions"}],"predecessor-version":[{"id":10651,"href":"https:\/\/www.isomont.me\/en\/wp-json\/wp\/v2\/pages\/6152\/revisions\/10651"}],"wp:attachment":[{"href":"https:\/\/www.isomont.me\/en\/wp-json\/wp\/v2\/media?parent=6152"}],"curies":[{"name":"wp","href":"https:\/\/api.w.org\/{rel}","templated":true}]}}