{"id":164,"date":"2016-01-03T07:00:35","date_gmt":"2016-01-03T07:00:35","guid":{"rendered":"http:\/\/localhost\/trendy-travel\/?page_id=164"},"modified":"2025-02-11T10:25:07","modified_gmt":"2025-02-11T09:25:07","slug":"novosti","status":"publish","type":"page","link":"https:\/\/www.isomont.me\/en\/novosti\/","title":{"rendered":"News"},"content":{"rendered":"<div class=\"wpb-content-wrapper\"><div class=\"vc_row wpb_row vc_row-fluid\"><div class=\"wpb_column vc_column_container vc_col-sm-12\"><div class=\"vc_column-inner\"><div class=\"wpb_wrapper\">\n\t<div class=\"wpb_text_column wpb_content_element\" >\n\t\t<div class=\"wpb_wrapper\">\n\t\t\t<p><img loading=\"lazy\" decoding=\"async\" class=\"size-medium wp-image-10402 aligncenter\" src=\"https:\/\/www.isomont.me\/wp-content\/uploads\/2025\/01\/Picture-3-1-300x149.jpg\" alt=\"\" width=\"300\" height=\"149\" srcset=\"https:\/\/www.isomont.me\/wp-content\/uploads\/2025\/01\/Picture-3-1-300x149.jpg 300w, https:\/\/www.isomont.me\/wp-content\/uploads\/2025\/01\/Picture-3-1-1024x508.jpg 1024w, https:\/\/www.isomont.me\/wp-content\/uploads\/2025\/01\/Picture-3-1-768x381.jpg 768w, https:\/\/www.isomont.me\/wp-content\/uploads\/2025\/01\/Picture-3-1-1536x762.jpg 1536w, https:\/\/www.isomont.me\/wp-content\/uploads\/2025\/01\/Picture-3-1-2048x1017.jpg 2048w, https:\/\/www.isomont.me\/wp-content\/uploads\/2025\/01\/Picture-3-1-500x248.jpg 500w\" sizes=\"auto, (max-width: 300px) 100vw, 300px\" \/><\/p>\n<p>&nbsp;<\/p>\n<p><strong>Obuka: Informaciona bezbjednost na najvi\u0161em nivou<\/strong><\/p>\n<p>Sa zadovoljstvom vas obavje\u0161tavamo da organizujemo novu akreditovanu obuku na temu <strong>ISO\/IEC 27001:2022 Bezbjednost informacija, cyber bezbjednost i za\u0161tita privatnosti. Sistemi menad\u017ementa bezbjednos\u0161\u0107u informacija<\/strong>. Ova obuka je namijenjena svim profesionalcima ali i po\u010detnicima koji \u017eele da unaprijede svoje znanje i vje\u0161tine u oblasti za\u0161tite informacija, cyber bezbjednosti, upravljanja rizicima iz oblasti informacione bezbjednosti i uskla\u0111enosti sa me\u0111unarodnim standardima.<\/p>\n<h3>\u0160ta mo\u017eete o\u010dekivati?<\/h3>\n<p>\u2705 Detaljno upoznavanje sa zahtjevima standarda ISO\/IEC 27001:2022<br \/>\n\u2705 Razumijevanje klju\u010dnih kontrola i najboljih praksi za za\u0161titu informacija<br \/>\n\u2705 Prakti\u010dni primjeri i radionice za efikasnu primjenu standarda<br \/>\n\u2705 Savjeti za implementaciju i pripremu za sertifikaciju<\/p>\n<h3>Za koga je obuka namijenjena?<\/h3>\n<p>\ud83d\udd39 IT i bezbjednosni stru\u010dnjaci<br \/>\n\ud83d\udd39 Menad\u017eeri i rukovodioci odgovorni za za\u0161titu podataka<br \/>\n\ud83d\udd39 Interni i eksterni auditori<br \/>\n\ud83d\udd39 Svi koji \u017eele da steknu ili unaprijede svoje kompetencije u oblasti informacionih sistema i bezbjednosti<\/p>\n<p>\ud83d\udcc5 <strong>Datum:<\/strong> 24.03. &#8211; 28.03.2025. godine<br \/>\n\ud83d\udccd <strong>Lokacija:<\/strong> ul. Seleme Maljevi\u0107 br. 39\/42, Podgorica.<br \/>\n\u23f3 <strong>Trajanje:<\/strong> od 9h do 14h<\/p>\n<p>Ne propu\u0161tite priliku da poha\u0111ate obuku koja \u0107e vam pomo\u0107i da unaprijedite bezbjednosne procese u va\u0161oj organizaciji!<\/p>\n<p><strong>Prijavite se jo\u0161 danas!<\/strong><\/p>\n<p>Za vi\u0161e informacija i prijave, kontaktirajte nas putem maila: office@isomont.me ili putem telefona +38267563496.<\/p>\n\n\t\t<\/div>\n\t<\/div>\n<\/div><\/div><\/div><\/div>\n<\/div>","protected":false},"excerpt":{"rendered":"&nbsp; Obuka: Informaciona bezbjednost na najvi\u0161em nivou Sa zadovoljstvom vas obavje\u0161tavamo da organizujemo novu akreditovanu obuku na temu ISO\/IEC 27001:2022 Bezbjednost informacija, cyber bezbjednost i za\u0161tita privatnosti. Sistemi menad\u017ementa bezbjednos\u0161\u0107u informacija. Ova obuka je namijenjena svim profesionalcima ali i po\u010detnicima koji \u017eele da unaprijede svoje znanje i vje\u0161tine u oblasti za\u0161tite informacija, cyber bezbjednosti, upravljanja [...]","protected":false},"author":1,"featured_media":0,"parent":0,"menu_order":0,"comment_status":"open","ping_status":"closed","template":"tpl-blog.php","meta":{"footnotes":""},"class_list":["post-164","page","type-page","status-publish","hentry"],"aioseo_notices":[],"_links":{"self":[{"href":"https:\/\/www.isomont.me\/en\/wp-json\/wp\/v2\/pages\/164","targetHints":{"allow":["GET"]}}],"collection":[{"href":"https:\/\/www.isomont.me\/en\/wp-json\/wp\/v2\/pages"}],"about":[{"href":"https:\/\/www.isomont.me\/en\/wp-json\/wp\/v2\/types\/page"}],"author":[{"embeddable":true,"href":"https:\/\/www.isomont.me\/en\/wp-json\/wp\/v2\/users\/1"}],"replies":[{"embeddable":true,"href":"https:\/\/www.isomont.me\/en\/wp-json\/wp\/v2\/comments?post=164"}],"version-history":[{"count":6,"href":"https:\/\/www.isomont.me\/en\/wp-json\/wp\/v2\/pages\/164\/revisions"}],"predecessor-version":[{"id":10516,"href":"https:\/\/www.isomont.me\/en\/wp-json\/wp\/v2\/pages\/164\/revisions\/10516"}],"wp:attachment":[{"href":"https:\/\/www.isomont.me\/en\/wp-json\/wp\/v2\/media?parent=164"}],"curies":[{"name":"wp","href":"https:\/\/api.w.org\/{rel}","templated":true}]}}