{"id":10375,"date":"2025-01-28T15:19:44","date_gmt":"2025-01-28T14:19:44","guid":{"rendered":"https:\/\/www.isomont.me\/?page_id=10375"},"modified":"2025-01-28T15:23:19","modified_gmt":"2025-01-28T14:23:19","slug":"iso-14001-sistem-upravljanja-zivotnom-sredinom-ems-2","status":"publish","type":"page","link":"https:\/\/www.isomont.me\/en\/iso-14001-sistem-upravljanja-zivotnom-sredinom-ems-2\/","title":{"rendered":"ISO 45001 \u2013 Sistemi menad\u017emmenta za\u0161tite zdravlja i bezbjednosti na radu (OH&#038;S)"},"content":{"rendered":"<div class=\"wpb-content-wrapper\"><div class=\"vc_row wpb_row vc_row-fluid wpb_animate_when_almost_visible wpb_fadeInUp fadeInUp\"><div class=\"wpb_column vc_column_container vc_col-sm-12\"><div class=\"vc_column-inner\"><div class=\"wpb_wrapper\"><div class='dt-sc-title script-with-sub-title no-margin-bottom'><h2>ISO 45001 <strong> \u2013 Sistemi menad\u017ementa za\u0161tite zdravlja i bezbjednosti na radu (OH&amp;S)<\/strong><\/h2><h3><\/h3><\/div><div class=\"ult-spacer spacer-69f466184f7af\" data-id=\"69f466184f7af\" data-height=\"25\" data-height-mobile=\"25\" data-height-tab=\"25\" data-height-tab-portrait=\"\" data-height-mobile-landscape=\"\" style=\"clear:both;display:block;\"><\/div>\n\t<div class=\"wpb_text_column wpb_content_element\" >\n\t\t<div class=\"wpb_wrapper\">\n\t\t\t<p>ISO 45001 je me\u0111unarodni standard za sisteme upravljanja zdravljem i bezbjedno\u0161\u0107u na radu, osmi\u0161ljen kako bi organizacije unaprijedile radne uslove i smanjile rizike po zdravlje i sigurnost zaposlenih. Ovaj standard pru\u017ea okvir za identifikaciju, procjenu i upravljanje rizicima koji mogu ugroziti bezbjednost na radnom mjestu, uz istovremeno uskla\u0111ivanje sa zakonskim i regulatornim zahtjevima.<\/p>\n<p>Primjena ISO 45001 omogu\u0107ava organizacijama da prepoznaju potencijalne opasnosti, smanje broj povreda na radu i pobolj\u0161aju radnu atmosferu. Standard se temelji na principima kontinuiranog unapre\u0111enja i uklju\u010divanja zaposlenih u proces dono\u0161enja odluka vezanih za zdravlje i bezbjednost. Uz ISO 45001, organizacije mogu razviti proaktivni pristup upravljanju rizicima, \u010dime se pove\u0107ava produktivnost i smanjuju tro\u0161kovi povezani s nesre\u0107ama i bolovanjima.<\/p>\n<p>Jedan od klju\u010dnih elemenata ISO 45001 je integracija sa postoje\u0107im sistemima upravljanja, poput ISO 9001 za kvalitet i ISO 14001 za \u017eivotnu sredinu. Ovo omogu\u0107ava organizacijama da razviju jedinstveni sistem upravljanja koji pokriva sve aspekte poslovanja. Implementacija standarda ne donosi samo uskla\u0111enost, ve\u0107 i ja\u010da reputaciju organizacije kao odgovornog i pouzdanog poslodavca.<\/p>\n<p>Na\u0161a kompanija nudi kompletnu podr\u0161ku u implementaciji ISO 45001 \u2013 od procjene trenutnog stanja, preko obuka, do pripreme za sertifikaciju. Unaprijedite bezbjednost i zdravlje va\u0161ih zaposlenih i postanite lider u svom sektoru kroz primjenu ovog va\u017enog standarda.<\/p>\n\n\t\t<\/div>\n\t<\/div>\n<\/div><\/div><\/div><\/div>\n<\/div>","protected":false},"excerpt":{"rendered":"ISO 45001 \u2013 Sistemi menad\u017ementa za\u0161tite zdravlja i bezbjednosti na radu (OH&amp;S) ISO 45001 je me\u0111unarodni standard za sisteme upravljanja zdravljem i bezbjedno\u0161\u0107u na radu, osmi\u0161ljen kako bi organizacije unaprijedile radne uslove i smanjile rizike po zdravlje i sigurnost zaposlenih. Ovaj standard pru\u017ea okvir za identifikaciju, procjenu i upravljanje rizicima koji mogu ugroziti bezbjednost na [...]","protected":false},"author":2,"featured_media":0,"parent":0,"menu_order":0,"comment_status":"closed","ping_status":"closed","template":"tpl-sidenavigation.php","meta":{"footnotes":""},"class_list":["post-10375","page","type-page","status-publish","hentry"],"aioseo_notices":[],"_links":{"self":[{"href":"https:\/\/www.isomont.me\/en\/wp-json\/wp\/v2\/pages\/10375","targetHints":{"allow":["GET"]}}],"collection":[{"href":"https:\/\/www.isomont.me\/en\/wp-json\/wp\/v2\/pages"}],"about":[{"href":"https:\/\/www.isomont.me\/en\/wp-json\/wp\/v2\/types\/page"}],"author":[{"embeddable":true,"href":"https:\/\/www.isomont.me\/en\/wp-json\/wp\/v2\/users\/2"}],"replies":[{"embeddable":true,"href":"https:\/\/www.isomont.me\/en\/wp-json\/wp\/v2\/comments?post=10375"}],"version-history":[{"count":2,"href":"https:\/\/www.isomont.me\/en\/wp-json\/wp\/v2\/pages\/10375\/revisions"}],"predecessor-version":[{"id":10378,"href":"https:\/\/www.isomont.me\/en\/wp-json\/wp\/v2\/pages\/10375\/revisions\/10378"}],"wp:attachment":[{"href":"https:\/\/www.isomont.me\/en\/wp-json\/wp\/v2\/media?parent=10375"}],"curies":[{"name":"wp","href":"https:\/\/api.w.org\/{rel}","templated":true}]}}