{"id":10372,"date":"2025-01-28T15:10:52","date_gmt":"2025-01-28T14:10:52","guid":{"rendered":"https:\/\/www.isomont.me\/?page_id=10372"},"modified":"2025-01-28T15:17:03","modified_gmt":"2025-01-28T14:17:03","slug":"dora-digital-operational-resilience-act","status":"publish","type":"page","link":"https:\/\/www.isomont.me\/en\/dora-digital-operational-resilience-act\/","title":{"rendered":"DORA (Digital Operational Resilience Act)"},"content":{"rendered":"<div class=\"wpb-content-wrapper\"><div class=\"vc_row wpb_row vc_row-fluid wpb_animate_when_almost_visible wpb_fadeInUp fadeInUp\"><div class=\"wpb_column vc_column_container vc_col-sm-12\"><div class=\"vc_column-inner\"><div class=\"wpb_wrapper\"><div class='dt-sc-title script-with-sub-title no-margin-bottom'><h2>Digital Operational Resilience Act<strong> - DORA<\/strong><\/h2><h3><\/h3><\/div><div class=\"ult-spacer spacer-69f23319be09d\" data-id=\"69f23319be09d\" data-height=\"25\" data-height-mobile=\"25\" data-height-tab=\"25\" data-height-tab-portrait=\"\" data-height-mobile-landscape=\"\" style=\"clear:both;display:block;\"><\/div>\n\t<div class=\"wpb_text_column wpb_content_element\" >\n\t\t<div class=\"wpb_wrapper\">\n\t\t\t<p>DORA (Digital Operational Resilience Act) standard je evropski zakonodavni okvir osmi\u0161ljen s ciljem ja\u010danja digitalne otpornosti finansijskih institucija u Evropskoj uniji. Ovaj standard, koji je stupio na snagu krajem 2022. godine, postavlja pravila i smjernice za upravljanje informacijskom sigurno\u0161\u0107u, kiberneti\u010dkim rizicima i operativnom kontinuitetu u finansijskom sektoru.<\/p>\n<p>DORA obuhvata sve vrste finansijskih institucija, uklju\u010duju\u0107i banke, osiguravaju\u0107e kompanije, pru\u017eaoce platnih usluga, te pru\u017eaoce ICT usluga koji sara\u0111uju s finansijskim sektorom. Fokus standarda je na unapre\u0111enju otpornosti organizacija prema kiberneti\u010dkim prijetnjama, uspostavljanju robusnih sistema za upravljanje incidentima i kontinuiranom pra\u0107enju rizika u digitalnim operacijama.<\/p>\n<p>Jedan od klju\u010dnih zahtjeva DORA standarda je uskla\u0111enost sa politikama upravljanja rizicima, uklju\u010duju\u0107i testiranje otpornosti kroz simulacije i redovne provjere sistema. Tako\u0111e, standard zahtijeva transparentnost u komunikaciji sa regulatorima i prijavljivanje zna\u010dajnih incidenata u odre\u0111enom vremenskom roku.<\/p>\n<p>Primjena DORA standarda poma\u017ee organizacijama da izgrade povjerenje kod svojih korisnika i regulatora, osiguravaju\u0107i stabilnost i sigurnost finansijskog tr\u017ei\u0161ta. Na\u0161a kompanija pru\u017ea podr\u0161ku u implementaciji DORA zahtjeva kroz analizu postoje\u0107ih praksi, obuke i razvoj prilago\u0111enih rje\u0161enja za va\u0161e poslovanje. Pripremite svoju organizaciju za budu\u0107nost i osigurajte potpunu uskla\u0111enost sa ovim klju\u010dnim evropskim standardom.<\/p>\n\n\t\t<\/div>\n\t<\/div>\n<\/div><\/div><\/div><\/div>\n<\/div>","protected":false},"excerpt":{"rendered":"Digital Operational Resilience Act - DORA DORA (Digital Operational Resilience Act) standard je evropski zakonodavni okvir osmi\u0161ljen s ciljem ja\u010danja digitalne otpornosti finansijskih institucija u Evropskoj uniji. Ovaj standard, koji je stupio na snagu krajem 2022. godine, postavlja pravila i smjernice za upravljanje informacijskom sigurno\u0161\u0107u, kiberneti\u010dkim rizicima i operativnom kontinuitetu u finansijskom sektoru. DORA obuhvata [...]","protected":false},"author":2,"featured_media":0,"parent":0,"menu_order":0,"comment_status":"closed","ping_status":"closed","template":"tpl-sidenavigation.php","meta":{"footnotes":""},"class_list":["post-10372","page","type-page","status-publish","hentry"],"aioseo_notices":[],"_links":{"self":[{"href":"https:\/\/www.isomont.me\/en\/wp-json\/wp\/v2\/pages\/10372","targetHints":{"allow":["GET"]}}],"collection":[{"href":"https:\/\/www.isomont.me\/en\/wp-json\/wp\/v2\/pages"}],"about":[{"href":"https:\/\/www.isomont.me\/en\/wp-json\/wp\/v2\/types\/page"}],"author":[{"embeddable":true,"href":"https:\/\/www.isomont.me\/en\/wp-json\/wp\/v2\/users\/2"}],"replies":[{"embeddable":true,"href":"https:\/\/www.isomont.me\/en\/wp-json\/wp\/v2\/comments?post=10372"}],"version-history":[{"count":2,"href":"https:\/\/www.isomont.me\/en\/wp-json\/wp\/v2\/pages\/10372\/revisions"}],"predecessor-version":[{"id":10374,"href":"https:\/\/www.isomont.me\/en\/wp-json\/wp\/v2\/pages\/10372\/revisions\/10374"}],"wp:attachment":[{"href":"https:\/\/www.isomont.me\/en\/wp-json\/wp\/v2\/media?parent=10372"}],"curies":[{"name":"wp","href":"https:\/\/api.w.org\/{rel}","templated":true}]}}