{"id":10368,"date":"2025-01-28T14:57:55","date_gmt":"2025-01-28T13:57:55","guid":{"rendered":"https:\/\/www.isomont.me\/?page_id=10368"},"modified":"2025-02-11T10:22:12","modified_gmt":"2025-02-11T09:22:12","slug":"iso-14001-sistem-upravljanja-zivotnom-sredinom-ems","status":"publish","type":"page","link":"https:\/\/www.isomont.me\/en\/iso-14001-sistem-upravljanja-zivotnom-sredinom-ems\/","title":{"rendered":"ISO 14001 \u2013 Sistem menad\u017ementa \u017eivotnom sredinom (EMS)"},"content":{"rendered":"<div class=\"wpb-content-wrapper\"><div class=\"vc_row wpb_row vc_row-fluid wpb_animate_when_almost_visible wpb_fadeInUp fadeInUp\"><div class=\"wpb_column vc_column_container vc_col-sm-12\"><div class=\"vc_column-inner\"><div class=\"wpb_wrapper\"><div class='dt-sc-title script-with-sub-title no-margin-bottom'><h2>ISO 14001 <strong> \u2013 Sistemi menad\u017ementa \u017eivotnom sredinom (EMS)<\/strong><\/h2><h3><\/h3><\/div><div class=\"ult-spacer spacer-69f238557b3db\" data-id=\"69f238557b3db\" data-height=\"25\" data-height-mobile=\"25\" data-height-tab=\"25\" data-height-tab-portrait=\"\" data-height-mobile-landscape=\"\" style=\"clear:both;display:block;\"><\/div>\n\t<div class=\"wpb_text_column wpb_content_element\" >\n\t\t<div class=\"wpb_wrapper\">\n\t\t\t<p style=\"font-weight: 400;\">ISO 14001 je me\u0111unarodni standard za sistem upravljanja \u017eivotnom sredinom (EMS) koji postavlja zahtjeve za uspostavljanje, implementaciju, odr\u017eavanje i kontinuirano pobolj\u0161anje sistema koji omogu\u0107ava organizacijama da smanje negativan uticaj svojih aktivnosti na \u017eivotnu sredinu. Cilj standarda je pobolj\u0161anje ekolo\u0161ke efikasnosti i uskla\u0111enost sa zakonodavstvom, uz istovremeno smanjenje tro\u0161kova i pove\u0107anje konkurentnosti.<\/p>\n<p style=\"font-weight: 400;\">Standard je primjenjiv na sve vrste organizacija, bez obzira na veli\u010dinu, sektor ili lokaciju, i pru\u017ea okvir za identifikaciju ekolo\u0161kih aspekata i minimizaciju rizika kroz efikasno upravljanje resursima i otpadom. ISO 14001 se lako integri\u0161e sa drugim sistemima upravljanja, kao \u0161to su ISO 9001i ISO 45001.<\/p>\n<p style=\"font-weight: 400;\"><strong>Prednosti implementacije ISO 14001:<\/strong><\/p>\n<ol style=\"font-weight: 400;\">\n<li><strong>Smanjenje negativnog uticaja na \u017eivotnu sredinu<\/strong>: Pomo\u0107u optimizacije resursa, smanjenja otpada i emisija.<\/li>\n<li><strong>Uskla\u0111enost sa zakonodavstvom<\/strong>: Osiguranje da organizacija ispunjava sve zakonske i regulatorne zahteve vezane za za\u0161titu \u017eivotne sredine.<\/li>\n<li><strong>Pove\u0107ana konkurentnost<\/strong>: Sertifikat ISO 14001 mo\u017ee otvoriti vrata za nove poslovne prilike i saradnju s ekolo\u0161ki odgovornim partnerima.<\/li>\n<li><strong>Smanjenje tro\u0161kova<\/strong>: Efikasnije kori\u0161\u0107enje resursa i smanjenje otpada doprinosi smanjenju operativnih tro\u0161kova.<\/li>\n<li><strong>Pobolj\u0161anje imid\u017ea organizacije<\/strong>: Pokazivanje odgovornosti prema \u017eivotnoj sredini pove\u0107ava povjerenje klijenata, partnera i investitora.<\/li>\n<li><strong>Anga\u017eovanost zaposlenih<\/strong>: Uklju\u010divanje svih nivoa organizacije u inicijative za za\u0161titu \u017eivotne sredine pobolj\u0161ava radnu atmosferu.<\/li>\n<li><strong>Kontinuirano pobolj\u0161anje<\/strong>: Standard pru\u017ea alat za stalno pra\u0107enje i unapre\u0111enje ekolo\u0161ke efikasnosti organizacije.<\/li>\n<\/ol>\n<p style=\"font-weight: 400;\">ISO 14001 omogu\u0107ava organizacijama da prepoznaju ekolo\u0161ke rizike, razvijaju odgovorne strategije i doprinesu odr\u017eivom razvoju, dok istovremeno posti\u017eu operativnu efikasnost i konkurentske prednosti na tr\u017ei\u0161tu.<\/p>\n\n\t\t<\/div>\n\t<\/div>\n<\/div><\/div><\/div><\/div>\n<\/div>","protected":false},"excerpt":{"rendered":"ISO 14001 \u2013 Sistemi menad\u017ementa \u017eivotnom sredinom (EMS) ISO 14001 je me\u0111unarodni standard za sistem upravljanja \u017eivotnom sredinom (EMS) koji postavlja zahtjeve za uspostavljanje, implementaciju, odr\u017eavanje i kontinuirano pobolj\u0161anje sistema koji omogu\u0107ava organizacijama da smanje negativan uticaj svojih aktivnosti na \u017eivotnu sredinu. Cilj standarda je pobolj\u0161anje ekolo\u0161ke efikasnosti i uskla\u0111enost sa zakonodavstvom, uz istovremeno smanjenje [...]","protected":false},"author":2,"featured_media":0,"parent":0,"menu_order":0,"comment_status":"closed","ping_status":"closed","template":"tpl-sidenavigation.php","meta":{"footnotes":""},"class_list":["post-10368","page","type-page","status-publish","hentry"],"aioseo_notices":[],"_links":{"self":[{"href":"https:\/\/www.isomont.me\/en\/wp-json\/wp\/v2\/pages\/10368","targetHints":{"allow":["GET"]}}],"collection":[{"href":"https:\/\/www.isomont.me\/en\/wp-json\/wp\/v2\/pages"}],"about":[{"href":"https:\/\/www.isomont.me\/en\/wp-json\/wp\/v2\/types\/page"}],"author":[{"embeddable":true,"href":"https:\/\/www.isomont.me\/en\/wp-json\/wp\/v2\/users\/2"}],"replies":[{"embeddable":true,"href":"https:\/\/www.isomont.me\/en\/wp-json\/wp\/v2\/comments?post=10368"}],"version-history":[{"count":4,"href":"https:\/\/www.isomont.me\/en\/wp-json\/wp\/v2\/pages\/10368\/revisions"}],"predecessor-version":[{"id":10650,"href":"https:\/\/www.isomont.me\/en\/wp-json\/wp\/v2\/pages\/10368\/revisions\/10650"}],"wp:attachment":[{"href":"https:\/\/www.isomont.me\/en\/wp-json\/wp\/v2\/media?parent=10368"}],"curies":[{"name":"wp","href":"https:\/\/api.w.org\/{rel}","templated":true}]}}