{"id":10352,"date":"2025-01-26T23:24:28","date_gmt":"2025-01-26T22:24:28","guid":{"rendered":"https:\/\/www.isomont.me\/?page_id=10352"},"modified":"2025-02-03T18:38:54","modified_gmt":"2025-02-03T17:38:54","slug":"iso-iec-27701-sistem-upravljanja-informacijama-o-privatnosti-pims","status":"publish","type":"page","link":"https:\/\/www.isomont.me\/en\/iso-iec-27701-sistem-upravljanja-informacijama-o-privatnosti-pims\/","title":{"rendered":"ISO\/IEC 27701 \u2013 Sistem upravljanja informacijama o privatnosti (PIMS)"},"content":{"rendered":"<div class=\"wpb-content-wrapper\"><div class=\"vc_row wpb_row vc_row-fluid wpb_animate_when_almost_visible wpb_fadeInUp fadeInUp\"><div class=\"wpb_column vc_column_container vc_col-sm-12\"><div class=\"vc_column-inner\"><div class=\"wpb_wrapper\"><div class='dt-sc-title script-with-sub-title no-margin-bottom'><h2>ISO\/IEC 27701 <strong> \u2013 Sistem upravljanja informacijama o privatnosti (PIMS) <\/strong><\/h2><h3><\/h3><\/div><div class=\"ult-spacer spacer-69f24d61c5053\" data-id=\"69f24d61c5053\" data-height=\"25\" data-height-mobile=\"25\" data-height-tab=\"25\" data-height-tab-portrait=\"\" data-height-mobile-landscape=\"\" style=\"clear:both;display:block;\"><\/div>\n\t<div class=\"wpb_text_column wpb_content_element\" >\n\t\t<div class=\"wpb_wrapper\">\n\t\t\t<p style=\"font-weight: 400;\">ISO\/IEC 27701 je me\u0111unarodni standard koji pro\u0161iruje zahtjeve standarda ISO\/IEC 27001 i ISO\/IEC 27002 kako bi se upravljalo privatno\u0161\u0107u podataka. Ovaj standard pru\u017ea smjernice za za\u0161titu li\u010dnih podataka i implementaciju sistema za upravljanje informacijama o privatnosti (PIMS). Fokus standarda je na uskla\u0111ivanju s globalnim zakonodavstvima o za\u0161titi podataka, poput GDPR-a, i upravljanju rizicima vezanim za privatnost podataka.<\/p>\n<p style=\"font-weight: 400;\">ISO\/IEC 27701 poma\u017ee organizacijama da identifikuju, upravljaju i za\u0161tite li\u010dne podatke kroz odgovaraju\u0107e tehni\u010dke i organizacijske mjere. Standard defini\u0161e kako treba upravljati obradom li\u010dnih podataka i kako implementirati odgovaraju\u0107i okvir za za\u0161titu privatnosti unutar organizacije.<\/p>\n<p style=\"font-weight: 400;\"><strong>Prednosti implementacije ISO\/IEC 27701:<\/strong><\/p>\n<ol style=\"font-weight: 400;\">\n<li><strong>Uskla\u0111enost sa regulativama<\/strong>: Pomaganje organizacijama da se usklade sa zakonodavstvom o privatnosti, kao \u0161to je GDPR.<\/li>\n<li><strong>Pove\u0107ano povjerenje<\/strong>: Pokazuje posve\u0107enost privatnosti i sigurnosti podataka prema klijentima i partnerima.<\/li>\n<li><strong>Bolje upravljanje rizicima<\/strong>: Poma\u017ee u identifikaciji i smanjenju rizika vezanih za privatnost podataka.<\/li>\n<li><strong>Odr\u017eavanje integriteta podataka<\/strong>: Osigurava da li\u010dni podaci ostanu ta\u010dni, povjerljivi i za\u0161ti\u0107eni.<\/li>\n<li><strong>Smanjenje pravnih rizika<\/strong>: Implementacijom standarda organizacije smanjuju mogu\u0107nost pravnih sankcija zbog nepo\u0161tovanja privatnosti podataka.<\/li>\n<li><strong>Pobolj\u0161ana za\u0161tita podataka<\/strong>: Standard poma\u017ee u za\u0161titi podataka od neovla\u0161\u0107enog pristupa, curenja ili manipulacije.<\/li>\n<li><strong>Konkurentska prednost<\/strong>: Sertifikat ISO\/IEC 27701 potvr\u0111uje posve\u0107enost za\u0161titi privatnosti i mo\u017ee biti klju\u010dan za sticanje povjerenja na tr\u017ei\u0161tu.<\/li>\n<\/ol>\n<p style=\"font-weight: 400;\">ISO\/IEC 27701 je od su\u0161tinskog zna\u010daja za organizacije koje \u017eele efikasno upravljati privatno\u0161\u0107u podataka i obezbijediti sigurnost i uskla\u0111enost sa globalnim regulativama, \u010dime se stvara stabilan temelj za dugoro\u010dni poslovni uspjeh.<\/p>\n\n\t\t<\/div>\n\t<\/div>\n<\/div><\/div><\/div><\/div>\n<\/div>","protected":false},"excerpt":{"rendered":"ISO\/IEC 27701 \u2013 Sistem upravljanja informacijama o privatnosti (PIMS) ISO\/IEC 27701 je me\u0111unarodni standard koji pro\u0161iruje zahtjeve standarda ISO\/IEC 27001 i ISO\/IEC 27002 kako bi se upravljalo privatno\u0161\u0107u podataka. Ovaj standard pru\u017ea smjernice za za\u0161titu li\u010dnih podataka i implementaciju sistema za upravljanje informacijama o privatnosti (PIMS). Fokus standarda je na uskla\u0111ivanju s globalnim zakonodavstvima o [...]","protected":false},"author":2,"featured_media":0,"parent":0,"menu_order":0,"comment_status":"closed","ping_status":"closed","template":"tpl-sidenavigation.php","meta":{"footnotes":""},"class_list":["post-10352","page","type-page","status-publish","hentry"],"aioseo_notices":[],"_links":{"self":[{"href":"https:\/\/www.isomont.me\/en\/wp-json\/wp\/v2\/pages\/10352","targetHints":{"allow":["GET"]}}],"collection":[{"href":"https:\/\/www.isomont.me\/en\/wp-json\/wp\/v2\/pages"}],"about":[{"href":"https:\/\/www.isomont.me\/en\/wp-json\/wp\/v2\/types\/page"}],"author":[{"embeddable":true,"href":"https:\/\/www.isomont.me\/en\/wp-json\/wp\/v2\/users\/2"}],"replies":[{"embeddable":true,"href":"https:\/\/www.isomont.me\/en\/wp-json\/wp\/v2\/comments?post=10352"}],"version-history":[{"count":5,"href":"https:\/\/www.isomont.me\/en\/wp-json\/wp\/v2\/pages\/10352\/revisions"}],"predecessor-version":[{"id":10567,"href":"https:\/\/www.isomont.me\/en\/wp-json\/wp\/v2\/pages\/10352\/revisions\/10567"}],"wp:attachment":[{"href":"https:\/\/www.isomont.me\/en\/wp-json\/wp\/v2\/media?parent=10352"}],"curies":[{"name":"wp","href":"https:\/\/api.w.org\/{rel}","templated":true}]}}