{"id":10346,"date":"2025-01-26T23:10:40","date_gmt":"2025-01-26T22:10:40","guid":{"rendered":"https:\/\/www.isomont.me\/?page_id=10346"},"modified":"2025-02-03T17:37:36","modified_gmt":"2025-02-03T16:37:36","slug":"iso-9001","status":"publish","type":"page","link":"https:\/\/www.isomont.me\/en\/iso-9001\/","title":{"rendered":"ISO 9001 &#8211; Sistemi menad\u017ementa kvalitetom"},"content":{"rendered":"<div class=\"wpb-content-wrapper\"><div class=\"vc_row wpb_row vc_row-fluid wpb_animate_when_almost_visible wpb_fadeInUp fadeInUp\"><div class=\"wpb_column vc_column_container vc_col-sm-12\"><div class=\"vc_column-inner\"><div class=\"wpb_wrapper\"><div class='dt-sc-title script-with-sub-title no-margin-bottom'><h2>ISO 9001<strong> Quality Management Systems (QMS)<\/strong><\/h2><h3><\/h3><\/div><div class=\"ult-spacer spacer-69f247e9abafd\" data-id=\"69f247e9abafd\" data-height=\"25\" data-height-mobile=\"25\" data-height-tab=\"25\" data-height-tab-portrait=\"\" data-height-mobile-landscape=\"\" style=\"clear:both;display:block;\"><\/div>\n\t<div class=\"wpb_text_column wpb_content_element\" >\n\t\t<div class=\"wpb_wrapper\">\n\t\t\t<p style=\"font-weight: 400;\">ISO 9001 is an international standard for a quality management system (QMS) that provides a framework for establishing, implementing and maintaining effective and efficient business processes. The goal of this standard is to improve customer satisfaction through the consistent delivery of products and services that meet their requirements and expectations. The focus of ISO 9001 is on the principles of quality management, including customer orientation, leadership, employee engagement, a process approach and continuous improvement.<\/p>\n<p style=\"font-weight: 400;\">The standard is applicable to all organizations, regardless of their size, industry or sector, and can be integrated with other management systems, such as ISO 14001 or ISO 45001.<\/p>\n<p style=\"font-weight: 400;\"><strong>Benefits of Implementing ISO 9001:<\/strong><\/p>\n<ol style=\"font-weight: 400;\">\n<li><strong>Increased client trust<\/strong>: Demonstration of commitment to quality through consistent fulfillment of requirements.<\/li>\n<li><strong>Pobolj\u0161anje operativne efikasnosti<\/strong>: Optimizacija poslovnih procesa smanjuje gre\u0161ke i pove\u0107ava produktivnost.<\/li>\n<li><strong>Bolje upravljanje resursima<\/strong>: Efikasno kori\u0161\u0107enje resursa smanjuje tro\u0161kove i pove\u0107ava profitabilnost.<\/li>\n<li><strong>Konkurentska prednost<\/strong>: Sertifikat ISO 9001 mo\u017ee otvoriti vrata za nove poslovne prilike na globalnom tr\u017ei\u0161tu.<\/li>\n<li><strong>Uskla\u0111enost sa zakonskim i regulatornim zahtjevima<\/strong>: Standard poma\u017ee organizacijama da zadovolje sve relevantne propise.<\/li>\n<li><strong>Pove\u0107ano zadovoljstvo zaposlenih<\/strong>: Jasno definisani procesi i odgovornosti doprinose boljoj radnoj atmosferi.<\/li>\n<li><strong>Kontinuirano pobolj\u0161anje<\/strong>: Sistematski pristup unapre\u0111enju omogu\u0107ava dugoro\u010dni rast i razvoj organizacije.<\/li>\n<\/ol>\n<p style=\"font-weight: 400;\">ISO 9001 je temelj za izgradnju poslovne izvrsnosti i odr\u017eivog razvoja, pru\u017eaju\u0107i organizacijama alate za postizanje vrhunskog kvaliteta i zadovoljstva klijenata.<\/p>\n<p style=\"font-weight: 400;\"><strong>\u00a0<\/strong><\/p>\n<p style=\"font-weight: 400;\"><strong>\u00a0<\/strong><\/p>\n\n\t\t<\/div>\n\t<\/div>\n<\/div><\/div><\/div><\/div>\n<\/div>","protected":false},"excerpt":{"rendered":"ISO 9001 Sistemi menad\u017ementa kvalitetom ISO 9001 je me\u0111unarodni standard za sistem upravljanja kvalitetom (QMS) koji pru\u017ea okvir za uspostavljanje, implementaciju i odr\u017eavanje efektivnih i efikasnih poslovnih procesa. Cilj ovog standarda je pobolj\u0161anje zadovoljstva klijenata kroz dosljednu isporuku proizvoda i usluga koji ispunjavaju njihove zahtjeve i o\u010dekivanja. Fokus ISO 9001 je na principima upravljanja kvalitetom, [...]","protected":false},"author":2,"featured_media":0,"parent":0,"menu_order":0,"comment_status":"closed","ping_status":"closed","template":"tpl-sidenavigation.php","meta":{"footnotes":""},"class_list":["post-10346","page","type-page","status-publish","hentry"],"aioseo_notices":[],"_links":{"self":[{"href":"https:\/\/www.isomont.me\/en\/wp-json\/wp\/v2\/pages\/10346","targetHints":{"allow":["GET"]}}],"collection":[{"href":"https:\/\/www.isomont.me\/en\/wp-json\/wp\/v2\/pages"}],"about":[{"href":"https:\/\/www.isomont.me\/en\/wp-json\/wp\/v2\/types\/page"}],"author":[{"embeddable":true,"href":"https:\/\/www.isomont.me\/en\/wp-json\/wp\/v2\/users\/2"}],"replies":[{"embeddable":true,"href":"https:\/\/www.isomont.me\/en\/wp-json\/wp\/v2\/comments?post=10346"}],"version-history":[{"count":3,"href":"https:\/\/www.isomont.me\/en\/wp-json\/wp\/v2\/pages\/10346\/revisions"}],"predecessor-version":[{"id":10545,"href":"https:\/\/www.isomont.me\/en\/wp-json\/wp\/v2\/pages\/10346\/revisions\/10545"}],"wp:attachment":[{"href":"https:\/\/www.isomont.me\/en\/wp-json\/wp\/v2\/media?parent=10346"}],"curies":[{"name":"wp","href":"https:\/\/api.w.org\/{rel}","templated":true}]}}